{"id":3771,"date":"2022-12-14T17:57:39","date_gmt":"2022-12-14T17:57:39","guid":{"rendered":"https:\/\/colegiosanlorenzo.cl\/?page_id=3771"},"modified":"2026-05-05T18:40:06","modified_gmt":"2026-05-05T18:40:06","slug":"temarios-integradoras","status":"publish","type":"page","link":"https:\/\/colegiosanlorenzo.cl\/index.php\/temarios-integradoras\/","title":{"rendered":"Temarios Integradoras"},"content":{"rendered":"\t\t<div data-elementor-type=\"wp-post\" data-elementor-id=\"3771\" class=\"elementor elementor-3771\" data-elementor-post-type=\"page\">\n\t\t\t\t\t\t<section class=\"elementor-section elementor-top-section elementor-element elementor-element-82cc4e2 elementor-section-full_width elementor-section-content-bottom elementor-section-height-default elementor-section-height-default\" data-id=\"82cc4e2\" data-element_type=\"section\" data-settings=\"{&quot;background_background&quot;:&quot;classic&quot;}\">\n\t\t\t\t\t\t<div class=\"elementor-container elementor-column-gap-no\">\n\t\t\t\t\t<div class=\"elementor-column elementor-col-100 elementor-top-column elementor-element elementor-element-f484939\" data-id=\"f484939\" data-element_type=\"column\">\n\t\t\t<div class=\"elementor-widget-wrap elementor-element-populated\">\n\t\t\t\t\t\t<div class=\"elementor-element elementor-element-ce12377 elementor-widget elementor-widget-spacer\" data-id=\"ce12377\" data-element_type=\"widget\" data-widget_type=\"spacer.default\">\n\t\t\t\t<div class=\"elementor-widget-container\">\n\t\t\t\t\t\t\t<div class=\"elementor-spacer\">\n\t\t\t<div class=\"elementor-spacer-inner\"><\/div>\n\t\t<\/div>\n\t\t\t\t\t\t<\/div>\n\t\t\t\t<\/div>\n\t\t\t\t\t<\/div>\n\t\t<\/div>\n\t\t\t\t\t<\/div>\n\t\t<\/section>\n\t\t\t\t<section class=\"elementor-section elementor-top-section elementor-element elementor-element-4aaf3b0 elementor-section-boxed elementor-section-height-default elementor-section-height-default\" data-id=\"4aaf3b0\" data-element_type=\"section\">\n\t\t\t\t\t\t<div class=\"elementor-container elementor-column-gap-default\">\n\t\t\t\t\t<div class=\"elementor-column elementor-col-100 elementor-top-column elementor-element elementor-element-8e8945f\" data-id=\"8e8945f\" data-element_type=\"column\">\n\t\t\t<div class=\"elementor-widget-wrap elementor-element-populated\">\n\t\t\t\t\t\t<div class=\"elementor-element elementor-element-3c7e118 elementor-widget elementor-widget-heading\" data-id=\"3c7e118\" data-element_type=\"widget\" data-widget_type=\"heading.default\">\n\t\t\t\t<div class=\"elementor-widget-container\">\n\t\t\t\t\t<h4 class=\"elementor-heading-title elementor-size-xxl\"><b>TEMARIOS<\/b><\/h4>\t\t\t\t<\/div>\n\t\t\t\t<\/div>\n\t\t\t\t<div class=\"elementor-element elementor-element-aa385e3 elementor-widget-divider--view-line elementor-widget elementor-widget-divider\" data-id=\"aa385e3\" data-element_type=\"widget\" data-widget_type=\"divider.default\">\n\t\t\t\t<div class=\"elementor-widget-container\">\n\t\t\t\t\t\t\t<div class=\"elementor-divider\">\n\t\t\t<span class=\"elementor-divider-separator\">\n\t\t\t\t\t\t<\/span>\n\t\t<\/div>\n\t\t\t\t\t\t<\/div>\n\t\t\t\t<\/div>\n\t\t\t\t<div class=\"elementor-element elementor-element-83994e2 elementor-widget elementor-widget-heading\" data-id=\"83994e2\" data-element_type=\"widget\" data-widget_type=\"heading.default\">\n\t\t\t\t<div class=\"elementor-widget-container\">\n\t\t\t\t\t<h2 class=\"elementor-heading-title elementor-size-medium\">INTEGRADORAS 2\u00b0 TRIMESTRE 2025<\/h2>\t\t\t\t<\/div>\n\t\t\t\t<\/div>\n\t\t\t\t\t<\/div>\n\t\t<\/div>\n\t\t\t\t\t<\/div>\n\t\t<\/section>\n\t\t\t\t<section class=\"elementor-section elementor-top-section elementor-element elementor-element-bba5f93 elementor-section-boxed elementor-section-height-default elementor-section-height-default\" data-id=\"bba5f93\" data-element_type=\"section\">\n\t\t\t\t\t\t\t<div class=\"elementor-background-overlay\"><\/div>\n\t\t\t\t\t\t\t<div class=\"elementor-container elementor-column-gap-default\">\n\t\t\t\t\t<div class=\"elementor-column elementor-col-25 elementor-top-column elementor-element elementor-element-aa55955\" data-id=\"aa55955\" data-element_type=\"column\">\n\t\t\t<div class=\"elementor-widget-wrap\">\n\t\t\t\t\t\t\t<\/div>\n\t\t<\/div>\n\t\t\t\t<div class=\"elementor-column elementor-col-50 elementor-top-column elementor-element elementor-element-b846280\" data-id=\"b846280\" data-element_type=\"column\">\n\t\t\t<div class=\"elementor-widget-wrap elementor-element-populated\">\n\t\t\t\t\t\t<div class=\"elementor-element elementor-element-0f2c517 uael-img-grid__column-4 uael-img-grid-tablet__column-3 uael-img-grid-mobile__column-2 uael-ins-normal uael-gallery-filter-align-center elementor-widget elementor-widget-uael-image-gallery\" data-id=\"0f2c517\" data-element_type=\"widget\" data-settings=\"{&quot;row_gap&quot;:{&quot;unit&quot;:&quot;px&quot;,&quot;size&quot;:25,&quot;sizes&quot;:[]},&quot;gallery_columns&quot;:&quot;4&quot;,&quot;gallery_columns_tablet&quot;:&quot;3&quot;,&quot;gallery_columns_mobile&quot;:&quot;2&quot;,&quot;column_gap&quot;:{&quot;unit&quot;:&quot;px&quot;,&quot;size&quot;:20,&quot;sizes&quot;:[]},&quot;column_gap_tablet&quot;:{&quot;unit&quot;:&quot;px&quot;,&quot;size&quot;:&quot;&quot;,&quot;sizes&quot;:[]},&quot;column_gap_mobile&quot;:{&quot;unit&quot;:&quot;px&quot;,&quot;size&quot;:&quot;&quot;,&quot;sizes&quot;:[]},&quot;row_gap_tablet&quot;:{&quot;unit&quot;:&quot;px&quot;,&quot;size&quot;:&quot;&quot;,&quot;sizes&quot;:[]},&quot;row_gap_mobile&quot;:{&quot;unit&quot;:&quot;px&quot;,&quot;size&quot;:&quot;&quot;,&quot;sizes&quot;:[]},&quot;images_valign&quot;:&quot;flex-start&quot;,&quot;cat_filter_align&quot;:&quot;center&quot;,&quot;cat_filter_padding&quot;:{&quot;unit&quot;:&quot;px&quot;,&quot;top&quot;:&quot;&quot;,&quot;right&quot;:&quot;&quot;,&quot;bottom&quot;:&quot;&quot;,&quot;left&quot;:&quot;&quot;,&quot;isLinked&quot;:true},&quot;cat_filter_padding_tablet&quot;:{&quot;unit&quot;:&quot;px&quot;,&quot;top&quot;:&quot;&quot;,&quot;right&quot;:&quot;&quot;,&quot;bottom&quot;:&quot;&quot;,&quot;left&quot;:&quot;&quot;,&quot;isLinked&quot;:true},&quot;cat_filter_padding_mobile&quot;:{&quot;unit&quot;:&quot;px&quot;,&quot;top&quot;:&quot;&quot;,&quot;right&quot;:&quot;&quot;,&quot;bottom&quot;:&quot;&quot;,&quot;left&quot;:&quot;&quot;,&quot;isLinked&quot;:true},&quot;cat_filter_bet_spacing&quot;:{&quot;unit&quot;:&quot;px&quot;,&quot;size&quot;:&quot;&quot;,&quot;sizes&quot;:[]},&quot;cat_filter_bet_spacing_tablet&quot;:{&quot;unit&quot;:&quot;px&quot;,&quot;size&quot;:&quot;&quot;,&quot;sizes&quot;:[]},&quot;cat_filter_bet_spacing_mobile&quot;:{&quot;unit&quot;:&quot;px&quot;,&quot;size&quot;:&quot;&quot;,&quot;sizes&quot;:[]},&quot;cat_filter_spacing&quot;:{&quot;unit&quot;:&quot;px&quot;,&quot;size&quot;:&quot;&quot;,&quot;sizes&quot;:[]},&quot;cat_filter_spacing_tablet&quot;:{&quot;unit&quot;:&quot;px&quot;,&quot;size&quot;:&quot;&quot;,&quot;sizes&quot;:[]},&quot;cat_filter_spacing_mobile&quot;:{&quot;unit&quot;:&quot;px&quot;,&quot;size&quot;:&quot;&quot;,&quot;sizes&quot;:[]}}\" data-widget_type=\"uael-image-gallery.default\">\n\t\t\t\t<div class=\"elementor-widget-container\">\n\t\t\t\t\t<div class=\"uael-gallery-parent uael-caption- uael-gallery-unjustified\"><div class=\"uael-masonry-filters-wrapper uael-img-gallery-tabs-dropdown\"><div class=\"uael-masonry-filters\" data-default=\"\"><div class=\"uael-masonry-filter uael-current\" data-filter=\"*\">Todos<\/div><div class=\"uael-masonry-filter\" data-filter=\".ense\u00f1anza-b\u00e1sica\">Ense\u00f1anza B\u00e1sica<\/div><\/div><div class=\"uael-filters-dropdown uael-masonry-filters\" data-default=\"\"><div class=\"uael-filters-dropdown-button\">Todos<\/div><ul class=\"uael-filters-dropdown-list\"><li class=\"uael-filters-dropdown-item uael-masonry-filter uael-current\" data-filter=\"*\">Todos<\/li><li class=\"uael-filters-dropdown-item uael-masonry-filter\" data-filter=\".ense\u00f1anza-b\u00e1sica\">Ense\u00f1anza B\u00e1sica<\/li><\/ul><\/div><\/div><div class=\"uael-img-gallery-wrap uael-img-grid-wrap uael-img-grid-masonry-wrap uael-cat-filters\" data-filter-default=\"Todos\"><div class=\"uael-grid-item ense\u00f1anza-b\u00e1sica uael-img-gallery-item-1\"><div class=\"uael-grid-item-content\"><a class=\"uael-grid-img uael-grid-gallery-img uael-ins-hover elementor-clickable\" target=\"_blank\" rel=\"dofollow\" href=\"https:\/\/colegiosanlorenzo.cl\/wp-content\/uploads\/2024\/08\/TEMARIO-INTEGRADORA-3\u00b0-BASICOS-II\u00b0TRIMESTRE-2024.pdf\" data-elementor-open-lightbox=\"no\"><div class=\"uael-grid-img-thumbnail uael-ins-target\"><img fetchpriority=\"high\" decoding=\"async\" width=\"300\" height=\"300\" src=\"https:\/\/i0.wp.com\/colegiosanlorenzo.cl\/wp-content\/uploads\/2023\/08\/INTEGRADORAS3.jpg?fit=300%2C300&amp;ssl=1\" class=\"attachment-medium size-medium wp-image-6260\" alt=\"\" srcset=\"https:\/\/i0.wp.com\/colegiosanlorenzo.cl\/wp-content\/uploads\/2023\/08\/INTEGRADORAS3.jpg?w=500&amp;ssl=1 500w, https:\/\/i0.wp.com\/colegiosanlorenzo.cl\/wp-content\/uploads\/2023\/08\/INTEGRADORAS3.jpg?resize=300%2C300&amp;ssl=1 300w, https:\/\/i0.wp.com\/colegiosanlorenzo.cl\/wp-content\/uploads\/2023\/08\/INTEGRADORAS3.jpg?resize=150%2C150&amp;ssl=1 150w\" sizes=\"(max-width: 300px) 100vw, 300px\" \/><\/div><div class=\"uael-grid-img-overlay\"><\/div><\/a><\/div><\/div><\/div><\/div>\t\t\t\t<\/div>\n\t\t\t\t<\/div>\n\t\t\t\t\t<\/div>\n\t\t<\/div>\n\t\t\t\t<div class=\"elementor-column elementor-col-25 elementor-top-column elementor-element elementor-element-0992a66\" data-id=\"0992a66\" data-element_type=\"column\">\n\t\t\t<div class=\"elementor-widget-wrap\">\n\t\t\t\t\t\t\t<\/div>\n\t\t<\/div>\n\t\t\t\t\t<\/div>\n\t\t<\/section>\n\t\t\t\t<section class=\"elementor-section elementor-top-section elementor-element elementor-element-df38404 elementor-section-content-middle elementor-section-boxed elementor-section-height-default elementor-section-height-default\" data-id=\"df38404\" data-element_type=\"section\">\n\t\t\t\t\t\t<div class=\"elementor-container elementor-column-gap-no\">\n\t\t\t\t\t<div class=\"elementor-column elementor-col-100 elementor-top-column elementor-element elementor-element-b61c47b\" data-id=\"b61c47b\" data-element_type=\"column\">\n\t\t\t<div class=\"elementor-widget-wrap elementor-element-populated\">\n\t\t\t\t\t\t<div class=\"elementor-element elementor-element-ebdaf91 elementor-widget-divider--view-line elementor-widget elementor-widget-divider\" data-id=\"ebdaf91\" data-element_type=\"widget\" data-widget_type=\"divider.default\">\n\t\t\t\t<div class=\"elementor-widget-container\">\n\t\t\t\t\t\t\t<div class=\"elementor-divider\">\n\t\t\t<span class=\"elementor-divider-separator\">\n\t\t\t\t\t\t<\/span>\n\t\t<\/div>\n\t\t\t\t\t\t<\/div>\n\t\t\t\t<\/div>\n\t\t\t\t\t<\/div>\n\t\t<\/div>\n\t\t\t\t\t<\/div>\n\t\t<\/section>\n\t\t\t\t<\/div>\n\t\t","protected":false},"excerpt":{"rendered":"<p>TEMARIOS INTEGRADORAS 2\u00b0 TRIMESTRE 2025 TodosEnse\u00f1anza B\u00e1sicaTodos Todos Ense\u00f1anza B\u00e1sica<\/p>\n","protected":false},"author":5,"featured_media":6938,"parent":0,"menu_order":0,"comment_status":"closed","ping_status":"closed","template":"","meta":{"site-sidebar-layout":"no-sidebar","site-content-layout":"page-builder","ast-site-content-layout":"full-width-container","site-content-style":"unboxed","site-sidebar-style":"unboxed","ast-global-header-display":"","ast-banner-title-visibility":"","ast-main-header-display":"","ast-hfb-above-header-display":"","ast-hfb-below-header-display":"","ast-hfb-mobile-header-display":"","site-post-title":"disabled","ast-breadcrumbs-content":"","ast-featured-img":"disabled","footer-sml-layout":"","theme-transparent-header-meta":"","adv-header-id-meta":"","stick-header-meta":"","header-above-stick-meta":"","header-main-stick-meta":"","header-below-stick-meta":"","astra-migrate-meta-layouts":"set","footnotes":""},"class_list":["post-3771","page","type-page","status-publish","has-post-thumbnail","hentry"],"yoast_head":"<!-- This site is optimized with the Yoast SEO plugin v23.9 - https:\/\/yoast.com\/wordpress\/plugins\/seo\/ -->\n<title>Temarios Integradoras - colegiosanlorenzo.cl<\/title>\n<meta name=\"robots\" content=\"index, follow, max-snippet:-1, max-image-preview:large, max-video-preview:-1\" \/>\n<link rel=\"canonical\" href=\"https:\/\/colegiosanlorenzo.cl\/index.php\/temarios-integradoras\/\" \/>\n<meta property=\"og:locale\" content=\"es_ES\" \/>\n<meta property=\"og:type\" content=\"article\" \/>\n<meta property=\"og:title\" content=\"Temarios Integradoras - colegiosanlorenzo.cl\" \/>\n<meta property=\"og:description\" content=\"TEMARIOS INTEGRADORAS 2\u00b0 TRIMESTRE 2025 TodosEnse\u00f1anza B\u00e1sicaTodos Todos Ense\u00f1anza B\u00e1sica\" \/>\n<meta property=\"og:url\" content=\"https:\/\/colegiosanlorenzo.cl\/index.php\/temarios-integradoras\/\" \/>\n<meta property=\"og:site_name\" content=\"colegiosanlorenzo.cl\" \/>\n<meta property=\"article:modified_time\" content=\"2026-05-05T18:40:06+00:00\" \/>\n<meta property=\"og:image\" content=\"https:\/\/colegiosanlorenzo.cl\/wp-content\/uploads\/2023\/11\/examenes_integradoras.jpg\" \/>\n\t<meta property=\"og:image:width\" content=\"500\" \/>\n\t<meta property=\"og:image:height\" content=\"500\" \/>\n\t<meta property=\"og:image:type\" content=\"image\/jpeg\" \/>\n<meta name=\"twitter:card\" content=\"summary_large_image\" \/>\n<meta name=\"twitter:label1\" content=\"Tiempo de lectura\" \/>\n\t<meta name=\"twitter:data1\" content=\"1 minuto\" \/>\n<script type=\"application\/ld+json\" class=\"yoast-schema-graph\">{\"@context\":\"https:\/\/schema.org\",\"@graph\":[{\"@type\":\"WebPage\",\"@id\":\"https:\/\/colegiosanlorenzo.cl\/index.php\/temarios-integradoras\/\",\"url\":\"https:\/\/colegiosanlorenzo.cl\/index.php\/temarios-integradoras\/\",\"name\":\"Temarios Integradoras - colegiosanlorenzo.cl\",\"isPartOf\":{\"@id\":\"https:\/\/colegiosanlorenzo.cl\/#website\"},\"primaryImageOfPage\":{\"@id\":\"https:\/\/colegiosanlorenzo.cl\/index.php\/temarios-integradoras\/#primaryimage\"},\"image\":{\"@id\":\"https:\/\/colegiosanlorenzo.cl\/index.php\/temarios-integradoras\/#primaryimage\"},\"thumbnailUrl\":\"https:\/\/i0.wp.com\/colegiosanlorenzo.cl\/wp-content\/uploads\/2023\/11\/examenes_integradoras.jpg?fit=500%2C500&ssl=1\",\"datePublished\":\"2022-12-14T17:57:39+00:00\",\"dateModified\":\"2026-05-05T18:40:06+00:00\",\"breadcrumb\":{\"@id\":\"https:\/\/colegiosanlorenzo.cl\/index.php\/temarios-integradoras\/#breadcrumb\"},\"inLanguage\":\"es\",\"potentialAction\":[{\"@type\":\"ReadAction\",\"target\":[\"https:\/\/colegiosanlorenzo.cl\/index.php\/temarios-integradoras\/\"]}]},{\"@type\":\"ImageObject\",\"inLanguage\":\"es\",\"@id\":\"https:\/\/colegiosanlorenzo.cl\/index.php\/temarios-integradoras\/#primaryimage\",\"url\":\"https:\/\/i0.wp.com\/colegiosanlorenzo.cl\/wp-content\/uploads\/2023\/11\/examenes_integradoras.jpg?fit=500%2C500&ssl=1\",\"contentUrl\":\"https:\/\/i0.wp.com\/colegiosanlorenzo.cl\/wp-content\/uploads\/2023\/11\/examenes_integradoras.jpg?fit=500%2C500&ssl=1\",\"width\":500,\"height\":500},{\"@type\":\"BreadcrumbList\",\"@id\":\"https:\/\/colegiosanlorenzo.cl\/index.php\/temarios-integradoras\/#breadcrumb\",\"itemListElement\":[{\"@type\":\"ListItem\",\"position\":1,\"name\":\"Home\",\"item\":\"https:\/\/colegiosanlorenzo.cl\/\"},{\"@type\":\"ListItem\",\"position\":2,\"name\":\"Temarios Integradoras\"}]},{\"@type\":\"WebSite\",\"@id\":\"https:\/\/colegiosanlorenzo.cl\/#website\",\"url\":\"https:\/\/colegiosanlorenzo.cl\/\",\"name\":\"colegiosanlorenzo.cl\",\"description\":\"Colegio San Lorenzo\",\"publisher\":{\"@id\":\"https:\/\/colegiosanlorenzo.cl\/#organization\"},\"potentialAction\":[{\"@type\":\"SearchAction\",\"target\":{\"@type\":\"EntryPoint\",\"urlTemplate\":\"https:\/\/colegiosanlorenzo.cl\/?s={search_term_string}\"},\"query-input\":{\"@type\":\"PropertyValueSpecification\",\"valueRequired\":true,\"valueName\":\"search_term_string\"}}],\"inLanguage\":\"es\"},{\"@type\":\"Organization\",\"@id\":\"https:\/\/colegiosanlorenzo.cl\/#organization\",\"name\":\"Colegio San Lorenzo de Copiap\u00f3\",\"alternateName\":\"CSL Copiap\u00f3\",\"url\":\"https:\/\/colegiosanlorenzo.cl\/\",\"logo\":{\"@type\":\"ImageObject\",\"inLanguage\":\"es\",\"@id\":\"https:\/\/colegiosanlorenzo.cl\/#\/schema\/logo\/image\/\",\"url\":\"https:\/\/i0.wp.com\/colegiosanlorenzo.cl\/wp-content\/uploads\/2020\/02\/logo_csl.png?fit=512%2C512&ssl=1\",\"contentUrl\":\"https:\/\/i0.wp.com\/colegiosanlorenzo.cl\/wp-content\/uploads\/2020\/02\/logo_csl.png?fit=512%2C512&ssl=1\",\"width\":512,\"height\":512,\"caption\":\"Colegio San Lorenzo de Copiap\u00f3\"},\"image\":{\"@id\":\"https:\/\/colegiosanlorenzo.cl\/#\/schema\/logo\/image\/\"}}]}<\/script>\n<!-- \/ Yoast SEO plugin. -->","yoast_head_json":{"title":"Temarios Integradoras - colegiosanlorenzo.cl","robots":{"index":"index","follow":"follow","max-snippet":"max-snippet:-1","max-image-preview":"max-image-preview:large","max-video-preview":"max-video-preview:-1"},"canonical":"https:\/\/colegiosanlorenzo.cl\/index.php\/temarios-integradoras\/","og_locale":"es_ES","og_type":"article","og_title":"Temarios Integradoras - colegiosanlorenzo.cl","og_description":"TEMARIOS INTEGRADORAS 2\u00b0 TRIMESTRE 2025 TodosEnse\u00f1anza B\u00e1sicaTodos Todos Ense\u00f1anza B\u00e1sica","og_url":"https:\/\/colegiosanlorenzo.cl\/index.php\/temarios-integradoras\/","og_site_name":"colegiosanlorenzo.cl","article_modified_time":"2026-05-05T18:40:06+00:00","og_image":[{"width":500,"height":500,"url":"https:\/\/colegiosanlorenzo.cl\/wp-content\/uploads\/2023\/11\/examenes_integradoras.jpg","type":"image\/jpeg"}],"twitter_card":"summary_large_image","twitter_misc":{"Tiempo de lectura":"1 minuto"},"schema":{"@context":"https:\/\/schema.org","@graph":[{"@type":"WebPage","@id":"https:\/\/colegiosanlorenzo.cl\/index.php\/temarios-integradoras\/","url":"https:\/\/colegiosanlorenzo.cl\/index.php\/temarios-integradoras\/","name":"Temarios Integradoras - colegiosanlorenzo.cl","isPartOf":{"@id":"https:\/\/colegiosanlorenzo.cl\/#website"},"primaryImageOfPage":{"@id":"https:\/\/colegiosanlorenzo.cl\/index.php\/temarios-integradoras\/#primaryimage"},"image":{"@id":"https:\/\/colegiosanlorenzo.cl\/index.php\/temarios-integradoras\/#primaryimage"},"thumbnailUrl":"https:\/\/i0.wp.com\/colegiosanlorenzo.cl\/wp-content\/uploads\/2023\/11\/examenes_integradoras.jpg?fit=500%2C500&ssl=1","datePublished":"2022-12-14T17:57:39+00:00","dateModified":"2026-05-05T18:40:06+00:00","breadcrumb":{"@id":"https:\/\/colegiosanlorenzo.cl\/index.php\/temarios-integradoras\/#breadcrumb"},"inLanguage":"es","potentialAction":[{"@type":"ReadAction","target":["https:\/\/colegiosanlorenzo.cl\/index.php\/temarios-integradoras\/"]}]},{"@type":"ImageObject","inLanguage":"es","@id":"https:\/\/colegiosanlorenzo.cl\/index.php\/temarios-integradoras\/#primaryimage","url":"https:\/\/i0.wp.com\/colegiosanlorenzo.cl\/wp-content\/uploads\/2023\/11\/examenes_integradoras.jpg?fit=500%2C500&ssl=1","contentUrl":"https:\/\/i0.wp.com\/colegiosanlorenzo.cl\/wp-content\/uploads\/2023\/11\/examenes_integradoras.jpg?fit=500%2C500&ssl=1","width":500,"height":500},{"@type":"BreadcrumbList","@id":"https:\/\/colegiosanlorenzo.cl\/index.php\/temarios-integradoras\/#breadcrumb","itemListElement":[{"@type":"ListItem","position":1,"name":"Home","item":"https:\/\/colegiosanlorenzo.cl\/"},{"@type":"ListItem","position":2,"name":"Temarios Integradoras"}]},{"@type":"WebSite","@id":"https:\/\/colegiosanlorenzo.cl\/#website","url":"https:\/\/colegiosanlorenzo.cl\/","name":"colegiosanlorenzo.cl","description":"Colegio San Lorenzo","publisher":{"@id":"https:\/\/colegiosanlorenzo.cl\/#organization"},"potentialAction":[{"@type":"SearchAction","target":{"@type":"EntryPoint","urlTemplate":"https:\/\/colegiosanlorenzo.cl\/?s={search_term_string}"},"query-input":{"@type":"PropertyValueSpecification","valueRequired":true,"valueName":"search_term_string"}}],"inLanguage":"es"},{"@type":"Organization","@id":"https:\/\/colegiosanlorenzo.cl\/#organization","name":"Colegio San Lorenzo de Copiap\u00f3","alternateName":"CSL Copiap\u00f3","url":"https:\/\/colegiosanlorenzo.cl\/","logo":{"@type":"ImageObject","inLanguage":"es","@id":"https:\/\/colegiosanlorenzo.cl\/#\/schema\/logo\/image\/","url":"https:\/\/i0.wp.com\/colegiosanlorenzo.cl\/wp-content\/uploads\/2020\/02\/logo_csl.png?fit=512%2C512&ssl=1","contentUrl":"https:\/\/i0.wp.com\/colegiosanlorenzo.cl\/wp-content\/uploads\/2020\/02\/logo_csl.png?fit=512%2C512&ssl=1","width":512,"height":512,"caption":"Colegio San Lorenzo de Copiap\u00f3"},"image":{"@id":"https:\/\/colegiosanlorenzo.cl\/#\/schema\/logo\/image\/"}}]}},"jetpack_sharing_enabled":true,"_links":{"self":[{"href":"https:\/\/colegiosanlorenzo.cl\/index.php\/wp-json\/wp\/v2\/pages\/3771","targetHints":{"allow":["GET"]}}],"collection":[{"href":"https:\/\/colegiosanlorenzo.cl\/index.php\/wp-json\/wp\/v2\/pages"}],"about":[{"href":"https:\/\/colegiosanlorenzo.cl\/index.php\/wp-json\/wp\/v2\/types\/page"}],"author":[{"embeddable":true,"href":"https:\/\/colegiosanlorenzo.cl\/index.php\/wp-json\/wp\/v2\/users\/5"}],"replies":[{"embeddable":true,"href":"https:\/\/colegiosanlorenzo.cl\/index.php\/wp-json\/wp\/v2\/comments?post=3771"}],"version-history":[{"count":40,"href":"https:\/\/colegiosanlorenzo.cl\/index.php\/wp-json\/wp\/v2\/pages\/3771\/revisions"}],"predecessor-version":[{"id":14660,"href":"https:\/\/colegiosanlorenzo.cl\/index.php\/wp-json\/wp\/v2\/pages\/3771\/revisions\/14660"}],"wp:featuredmedia":[{"embeddable":true,"href":"https:\/\/colegiosanlorenzo.cl\/index.php\/wp-json\/wp\/v2\/media\/6938"}],"wp:attachment":[{"href":"https:\/\/colegiosanlorenzo.cl\/index.php\/wp-json\/wp\/v2\/media?parent=3771"}],"curies":[{"name":"wp","href":"https:\/\/api.w.org\/{rel}","templated":true}]}}