{"id":8087,"date":"2024-03-26T14:05:31","date_gmt":"2024-03-26T14:05:31","guid":{"rendered":"https:\/\/colegiosanlorenzo.cl\/?page_id=8087"},"modified":"2024-03-26T17:29:45","modified_gmt":"2024-03-26T17:29:45","slug":"calendario","status":"publish","type":"page","link":"https:\/\/colegiosanlorenzo.cl\/index.php\/calendario\/","title":{"rendered":"CALENDARIO"},"content":{"rendered":"\t\t<div data-elementor-type=\"wp-page\" data-elementor-id=\"8087\" class=\"elementor elementor-8087\" data-elementor-post-type=\"page\">\n\t\t\t\t\t\t<section class=\"elementor-section elementor-top-section elementor-element elementor-element-a38b546 elementor-section-boxed elementor-section-height-default elementor-section-height-default\" data-id=\"a38b546\" data-element_type=\"section\">\n\t\t\t\t\t\t<div class=\"elementor-container elementor-column-gap-default\">\n\t\t\t\t\t<div class=\"elementor-column elementor-col-100 elementor-top-column elementor-element elementor-element-e11cefc\" data-id=\"e11cefc\" data-element_type=\"column\">\n\t\t\t<div class=\"elementor-widget-wrap elementor-element-populated\">\n\t\t\t\t\t\t<div class=\"elementor-element elementor-element-f0869b3 elementor-widget__width-initial elementor-widget elementor-widget-the-events-calendar-addon\" data-id=\"f0869b3\" data-element_type=\"widget\" data-widget_type=\"the-events-calendar-addon.default\">\n\t\t\t\t<div class=\"elementor-widget-container\">\n\t\t\t\t\t<!=========Events list Template 1.6.11=========><div id=\"ectbe-wrapper-f0869b3\" class=\"ectbe-wrapper ectbe-list-wrapper style-2\"><h3>There is no Event<\/h3><\/div>\t\t\t\t<\/div>\n\t\t\t\t<\/div>\n\t\t\t\t\t<\/div>\n\t\t<\/div>\n\t\t\t\t\t<\/div>\n\t\t<\/section>\n\t\t\t\t<\/div>\n\t\t","protected":false},"excerpt":{"rendered":"<p>marzo 2024 Mar 28 28 marzo 2024 Consejo General Aula de RecursosVer m\u00e1s Mar 28 28 marzo 2024 Inicio Ensayo Comprensi\u00f3n Lectora 2\u00b0 B\u00e1sicosVer m\u00e1s Mar 28 28 marzo 2024 Reflexi\u00f3n Semana SantaVer m\u00e1s Mar 27 27 marzo 2024 Reflexi\u00f3n Matinal Presentaci\u00f3n Listas CEAL 2024Ver m\u00e1s Mar 26 26 marzo 2024 Murales Fuerza A\u00e9rea 5\u00b0 &hellip;<\/p>\n<p class=\"read-more\"> <a class=\"\" href=\"https:\/\/colegiosanlorenzo.cl\/index.php\/calendario\/\"> <span class=\"screen-reader-text\">CALENDARIO<\/span> Leer m\u00e1s \u00bb<\/a><\/p>\n","protected":false},"author":5,"featured_media":0,"parent":0,"menu_order":0,"comment_status":"closed","ping_status":"closed","template":"","meta":{"site-sidebar-layout":"no-sidebar","site-content-layout":"page-builder","ast-site-content-layout":"","site-content-style":"default","site-sidebar-style":"default","ast-global-header-display":"","ast-banner-title-visibility":"","ast-main-header-display":"","ast-hfb-above-header-display":"","ast-hfb-below-header-display":"","ast-hfb-mobile-header-display":"","site-post-title":"disabled","ast-breadcrumbs-content":"","ast-featured-img":"disabled","footer-sml-layout":"","theme-transparent-header-meta":"","adv-header-id-meta":"","stick-header-meta":"","header-above-stick-meta":"","header-main-stick-meta":"","header-below-stick-meta":"","astra-migrate-meta-layouts":"","footnotes":""},"class_list":["post-8087","page","type-page","status-publish","hentry"],"yoast_head":"<!-- This site is optimized with the Yoast SEO plugin v23.9 - https:\/\/yoast.com\/wordpress\/plugins\/seo\/ -->\n<title>CALENDARIO - colegiosanlorenzo.cl<\/title>\n<meta name=\"robots\" content=\"index, follow, max-snippet:-1, max-image-preview:large, max-video-preview:-1\" \/>\n<link rel=\"canonical\" href=\"https:\/\/colegiosanlorenzo.cl\/index.php\/calendario\/\" \/>\n<meta property=\"og:locale\" content=\"es_ES\" \/>\n<meta property=\"og:type\" content=\"article\" \/>\n<meta property=\"og:title\" content=\"CALENDARIO - colegiosanlorenzo.cl\" \/>\n<meta property=\"og:description\" content=\"marzo 2024 Mar 28 28 marzo 2024 Consejo General Aula de RecursosVer m\u00e1s Mar 28 28 marzo 2024 Inicio Ensayo Comprensi\u00f3n Lectora 2\u00b0 B\u00e1sicosVer m\u00e1s Mar 28 28 marzo 2024 Reflexi\u00f3n Semana SantaVer m\u00e1s Mar 27 27 marzo 2024 Reflexi\u00f3n Matinal Presentaci\u00f3n Listas CEAL 2024Ver m\u00e1s Mar 26 26 marzo 2024 Murales Fuerza A\u00e9rea 5\u00b0 &hellip; CALENDARIO Leer m\u00e1s \u00bb\" \/>\n<meta property=\"og:url\" content=\"https:\/\/colegiosanlorenzo.cl\/index.php\/calendario\/\" \/>\n<meta property=\"og:site_name\" content=\"colegiosanlorenzo.cl\" \/>\n<meta property=\"article:modified_time\" content=\"2024-03-26T17:29:45+00:00\" \/>\n<meta name=\"twitter:card\" content=\"summary_large_image\" \/>\n<meta name=\"twitter:label1\" content=\"Tiempo de lectura\" \/>\n\t<meta name=\"twitter:data1\" content=\"2 minutos\" \/>\n<script type=\"application\/ld+json\" class=\"yoast-schema-graph\">{\"@context\":\"https:\/\/schema.org\",\"@graph\":[{\"@type\":\"WebPage\",\"@id\":\"https:\/\/colegiosanlorenzo.cl\/index.php\/calendario\/\",\"url\":\"https:\/\/colegiosanlorenzo.cl\/index.php\/calendario\/\",\"name\":\"CALENDARIO - colegiosanlorenzo.cl\",\"isPartOf\":{\"@id\":\"https:\/\/colegiosanlorenzo.cl\/#website\"},\"datePublished\":\"2024-03-26T14:05:31+00:00\",\"dateModified\":\"2024-03-26T17:29:45+00:00\",\"breadcrumb\":{\"@id\":\"https:\/\/colegiosanlorenzo.cl\/index.php\/calendario\/#breadcrumb\"},\"inLanguage\":\"es\",\"potentialAction\":[{\"@type\":\"ReadAction\",\"target\":[\"https:\/\/colegiosanlorenzo.cl\/index.php\/calendario\/\"]}]},{\"@type\":\"BreadcrumbList\",\"@id\":\"https:\/\/colegiosanlorenzo.cl\/index.php\/calendario\/#breadcrumb\",\"itemListElement\":[{\"@type\":\"ListItem\",\"position\":1,\"name\":\"Home\",\"item\":\"https:\/\/colegiosanlorenzo.cl\/\"},{\"@type\":\"ListItem\",\"position\":2,\"name\":\"CALENDARIO\"}]},{\"@type\":\"WebSite\",\"@id\":\"https:\/\/colegiosanlorenzo.cl\/#website\",\"url\":\"https:\/\/colegiosanlorenzo.cl\/\",\"name\":\"colegiosanlorenzo.cl\",\"description\":\"Colegio San Lorenzo\",\"publisher\":{\"@id\":\"https:\/\/colegiosanlorenzo.cl\/#organization\"},\"potentialAction\":[{\"@type\":\"SearchAction\",\"target\":{\"@type\":\"EntryPoint\",\"urlTemplate\":\"https:\/\/colegiosanlorenzo.cl\/?s={search_term_string}\"},\"query-input\":{\"@type\":\"PropertyValueSpecification\",\"valueRequired\":true,\"valueName\":\"search_term_string\"}}],\"inLanguage\":\"es\"},{\"@type\":\"Organization\",\"@id\":\"https:\/\/colegiosanlorenzo.cl\/#organization\",\"name\":\"Colegio San Lorenzo de Copiap\u00f3\",\"alternateName\":\"CSL Copiap\u00f3\",\"url\":\"https:\/\/colegiosanlorenzo.cl\/\",\"logo\":{\"@type\":\"ImageObject\",\"inLanguage\":\"es\",\"@id\":\"https:\/\/colegiosanlorenzo.cl\/#\/schema\/logo\/image\/\",\"url\":\"https:\/\/i0.wp.com\/colegiosanlorenzo.cl\/wp-content\/uploads\/2020\/02\/logo_csl.png?fit=512%2C512&ssl=1\",\"contentUrl\":\"https:\/\/i0.wp.com\/colegiosanlorenzo.cl\/wp-content\/uploads\/2020\/02\/logo_csl.png?fit=512%2C512&ssl=1\",\"width\":512,\"height\":512,\"caption\":\"Colegio San Lorenzo de Copiap\u00f3\"},\"image\":{\"@id\":\"https:\/\/colegiosanlorenzo.cl\/#\/schema\/logo\/image\/\"}}]}<\/script>\n<!-- \/ Yoast SEO plugin. -->","yoast_head_json":{"title":"CALENDARIO - colegiosanlorenzo.cl","robots":{"index":"index","follow":"follow","max-snippet":"max-snippet:-1","max-image-preview":"max-image-preview:large","max-video-preview":"max-video-preview:-1"},"canonical":"https:\/\/colegiosanlorenzo.cl\/index.php\/calendario\/","og_locale":"es_ES","og_type":"article","og_title":"CALENDARIO - colegiosanlorenzo.cl","og_description":"marzo 2024 Mar 28 28 marzo 2024 Consejo General Aula de RecursosVer m\u00e1s Mar 28 28 marzo 2024 Inicio Ensayo Comprensi\u00f3n Lectora 2\u00b0 B\u00e1sicosVer m\u00e1s Mar 28 28 marzo 2024 Reflexi\u00f3n Semana SantaVer m\u00e1s Mar 27 27 marzo 2024 Reflexi\u00f3n Matinal Presentaci\u00f3n Listas CEAL 2024Ver m\u00e1s Mar 26 26 marzo 2024 Murales Fuerza A\u00e9rea 5\u00b0 &hellip; CALENDARIO Leer m\u00e1s \u00bb","og_url":"https:\/\/colegiosanlorenzo.cl\/index.php\/calendario\/","og_site_name":"colegiosanlorenzo.cl","article_modified_time":"2024-03-26T17:29:45+00:00","twitter_card":"summary_large_image","twitter_misc":{"Tiempo de lectura":"2 minutos"},"schema":{"@context":"https:\/\/schema.org","@graph":[{"@type":"WebPage","@id":"https:\/\/colegiosanlorenzo.cl\/index.php\/calendario\/","url":"https:\/\/colegiosanlorenzo.cl\/index.php\/calendario\/","name":"CALENDARIO - colegiosanlorenzo.cl","isPartOf":{"@id":"https:\/\/colegiosanlorenzo.cl\/#website"},"datePublished":"2024-03-26T14:05:31+00:00","dateModified":"2024-03-26T17:29:45+00:00","breadcrumb":{"@id":"https:\/\/colegiosanlorenzo.cl\/index.php\/calendario\/#breadcrumb"},"inLanguage":"es","potentialAction":[{"@type":"ReadAction","target":["https:\/\/colegiosanlorenzo.cl\/index.php\/calendario\/"]}]},{"@type":"BreadcrumbList","@id":"https:\/\/colegiosanlorenzo.cl\/index.php\/calendario\/#breadcrumb","itemListElement":[{"@type":"ListItem","position":1,"name":"Home","item":"https:\/\/colegiosanlorenzo.cl\/"},{"@type":"ListItem","position":2,"name":"CALENDARIO"}]},{"@type":"WebSite","@id":"https:\/\/colegiosanlorenzo.cl\/#website","url":"https:\/\/colegiosanlorenzo.cl\/","name":"colegiosanlorenzo.cl","description":"Colegio San Lorenzo","publisher":{"@id":"https:\/\/colegiosanlorenzo.cl\/#organization"},"potentialAction":[{"@type":"SearchAction","target":{"@type":"EntryPoint","urlTemplate":"https:\/\/colegiosanlorenzo.cl\/?s={search_term_string}"},"query-input":{"@type":"PropertyValueSpecification","valueRequired":true,"valueName":"search_term_string"}}],"inLanguage":"es"},{"@type":"Organization","@id":"https:\/\/colegiosanlorenzo.cl\/#organization","name":"Colegio San Lorenzo de Copiap\u00f3","alternateName":"CSL Copiap\u00f3","url":"https:\/\/colegiosanlorenzo.cl\/","logo":{"@type":"ImageObject","inLanguage":"es","@id":"https:\/\/colegiosanlorenzo.cl\/#\/schema\/logo\/image\/","url":"https:\/\/i0.wp.com\/colegiosanlorenzo.cl\/wp-content\/uploads\/2020\/02\/logo_csl.png?fit=512%2C512&ssl=1","contentUrl":"https:\/\/i0.wp.com\/colegiosanlorenzo.cl\/wp-content\/uploads\/2020\/02\/logo_csl.png?fit=512%2C512&ssl=1","width":512,"height":512,"caption":"Colegio San Lorenzo de Copiap\u00f3"},"image":{"@id":"https:\/\/colegiosanlorenzo.cl\/#\/schema\/logo\/image\/"}}]}},"jetpack_sharing_enabled":true,"_links":{"self":[{"href":"https:\/\/colegiosanlorenzo.cl\/index.php\/wp-json\/wp\/v2\/pages\/8087","targetHints":{"allow":["GET"]}}],"collection":[{"href":"https:\/\/colegiosanlorenzo.cl\/index.php\/wp-json\/wp\/v2\/pages"}],"about":[{"href":"https:\/\/colegiosanlorenzo.cl\/index.php\/wp-json\/wp\/v2\/types\/page"}],"author":[{"embeddable":true,"href":"https:\/\/colegiosanlorenzo.cl\/index.php\/wp-json\/wp\/v2\/users\/5"}],"replies":[{"embeddable":true,"href":"https:\/\/colegiosanlorenzo.cl\/index.php\/wp-json\/wp\/v2\/comments?post=8087"}],"version-history":[{"count":0,"href":"https:\/\/colegiosanlorenzo.cl\/index.php\/wp-json\/wp\/v2\/pages\/8087\/revisions"}],"wp:attachment":[{"href":"https:\/\/colegiosanlorenzo.cl\/index.php\/wp-json\/wp\/v2\/media?parent=8087"}],"curies":[{"name":"wp","href":"https:\/\/api.w.org\/{rel}","templated":true}]}}